{"id":734,"date":"2024-01-31T17:12:40","date_gmt":"2024-01-31T17:12:40","guid":{"rendered":"https:\/\/www.cirten.it\/?page_id=734"},"modified":"2024-01-31T18:09:31","modified_gmt":"2024-01-31T18:09:31","slug":"procedura-di-segnalazione-illeciti-whistleblowing","status":"publish","type":"page","link":"https:\/\/www.cirten.it\/?page_id=734","title":{"rendered":"Procedura di segnalazione illeciti (Whistleblowing)"},"content":{"rendered":"\n<p>\u201cIl Consorzio si \u00e8 dotato di un sistema di segnalazione conforme alle indicazioni del D. Lgs. n. 24\/2023 nel rispetto delle garanzie a tutela delle Persone segnalanti.<\/p>\n\n\n\n<p>Alla luce del D. Lgs. 24\/2023, infatti, il Consorzio ha previsto una procedura che delinea il proprio modello di ricevimento e di gestione delle segnalazioni interne, nonch\u00e9 il canale interno di segnalazione, individuando misure tecniche e organizzative idonee a garantire un livello di sicurezza adeguato agli specifici rischi derivanti anche dal trattamento di dati personali effettuatati per la gestione delle stesse, nel rispetto di quanto previsto dal Regolamento (UE) 2016\/679 e dell\u2019articolo 18 del decreto legislativo n. 51 del 2018.<\/p>\n\n\n\n<p>Si rinvia alla Procedura di gestione delle segnalazioni adottata dal Consorzio per tutte le informazioni di dettaglio.<\/p>\n\n\n\n<p>Con specifico riferimento ai canali per la Segnalazione interna, destinatario delle Segnalazioni di tale natura \u00e8 il RPCT.<\/p>\n\n\n\n<p>Le Segnalazioni interne possono essere effettuate attraverso le seguenti modalit\u00e0:<\/p>\n\n\n\n<ul class=\"wp-block-list\">\n<li>in forma scritta, con modalit\u00e0 informatiche, tramite una casella PEC dedicata (in fase di attivazione), di cui alla procedura di gestione delle segnalazioni;<\/li>\n\n\n\n<li>in forma scritta, attraverso posta ordinaria, con lettera riservata e personale indirizzata a:<\/li>\n\n\n\n<li>Responsabile della Prevenzione della Corruzione e della Trasparenza del CIRTEN <br>c\/o Politecnico di Milano, Dipartimento di Energia via Lambruschini, 4\/A &#8211; 20156 Milano<\/li>\n\n\n\n<li>in forma orale mediante richiesta di incontro diretto con il RPCT fissato entro un termine ragionevole. In tali casi, previo consenso della Persona segnalante, la Segnalazione interna potr\u00e0 essere documentata a cura del personale autorizzato mediante registrazione su un dispositivo idoneo alla conservazione e all\u2019ascolto oppure mediante verbale. In caso di verbale, la Persona segnalante pu\u00f2 verificare, rettificare e confermare il verbale dell\u2019incontro mediante la propria sottoscrizione.<\/li>\n<\/ul>\n\n\n\n<p>Colui che desidera effettuare una Segnalazione interna scritta pu\u00f2 inoltrarla allegando l\u2019apposito modulo (di cui all\u2019Allegato 1 di detta procedura). Il Modulo fornisce alla Persona segnalante un percorso guidato, strutturato attraverso una serie di domande e di richieste di elementi a supporto, volte a descrivere in maniera chiara, precisa e circostanziata la situazione oggetto della Segnalazione.<\/p>\n\n\n\n<p>Nel caso di invio mediante posta ordinaria, in vista della protocollazione riservata della segnalazione a cura del RPCT, \u00e8 necessario che la Segnalazione venga inserita in due buste chiuse:<\/p>\n\n\n\n<ul class=\"wp-block-list\">\n<li>la prima con i dati identificativi del segnalante unitamente alla fotocopia del documento di riconoscimento;<\/li>\n\n\n\n<li>la seconda con la segnalazione, in modo da separare i dati identificativi della Persona segnalante dalla Segnalazione.<\/li>\n<\/ul>\n\n\n\n<p>Entrambe dovranno poi essere inserite in una terza busta chiusa che rechi all\u2019esterno la dicitura \u201criservata al RPCT\u201d.<\/p>\n\n\n\n<p>Le Segnalazioni devono essere fondate su elementi di fatto precisi e concordanti. La Persona segnalante \u00e8 invitata ad allegare tutta la documentazione comprovante i fatti segnalati, astenendosi dall\u2019intraprendere autonome iniziative di analisi e approfondimento.<\/p>\n\n\n\n<p>La procedura di gestione delle segnalazioni \u00e8 resa nota a tutti gli stakeholder del Consorzio nonch\u00e9 conoscibile e accessibile altres\u00ec ai Destinatari che non accedono alla sede del CIRTEN, anche per il tramite della sua pubblicazione in una sezione dedicata del sito internet istituzionale.\u201d<\/p>\n\n\n\n<div class=\"wp-block-file\"><a id=\"wp-block-file--media-1ca7a0a3-7ba0-4a66-a79c-c970cc9730b1\" href=\"http:\/\/www.cirten.it\/wp-content\/uploads\/2024\/01\/CIRTEN_Modulo-whistleblowing.pdf\">CIRTEN_Modulo whistleblowing<\/a><\/div>\n\n\n\n<div style=\"height:86px\" aria-hidden=\"true\" class=\"wp-block-spacer\"><\/div>\n\n\n\n<div class=\"wp-block-group is-vertical is-content-justification-right is-layout-flex wp-container-core-group-is-layout-b6c475e2 wp-block-group-is-layout-flex\">\n<p class=\"has-small-font-size\">Ultima modifica<\/p>\n\n\n<div class=\"wp-block-post-date__modified-date wp-block-post-date\"><time datetime=\"2024-01-31T18:09:31+00:00\">31\/01\/2024<\/time><\/div><\/div>\n","protected":false},"excerpt":{"rendered":"<p>\u201cIl Consorzio si \u00e8 dotato di un sistema di segnalazione conforme alle indicazioni del D. Lgs. n. 24\/2023 nel rispetto delle garanzie a tutela delle Persone segnalanti. Alla luce del D. Lgs. 24\/2023, infatti, il Consorzio ha previsto una procedura che delinea il proprio modello di ricevimento e di gestione delle segnalazioni interne, nonch\u00e9 il &hellip; <\/p>\n<p class=\"link-more\"><a href=\"https:\/\/www.cirten.it\/?page_id=734\" class=\"more-link\">Continue reading<span class=\"screen-reader-text\"> &#8220;Procedura di segnalazione illeciti (Whistleblowing)&#8221;<\/span><\/a><\/p>\n","protected":false},"author":3,"featured_media":0,"parent":477,"menu_order":0,"comment_status":"closed","ping_status":"closed","template":"","meta":{"footnotes":""},"class_list":["post-734","page","type-page","status-publish","hentry"],"_links":{"self":[{"href":"https:\/\/www.cirten.it\/index.php?rest_route=\/wp\/v2\/pages\/734","targetHints":{"allow":["GET"]}}],"collection":[{"href":"https:\/\/www.cirten.it\/index.php?rest_route=\/wp\/v2\/pages"}],"about":[{"href":"https:\/\/www.cirten.it\/index.php?rest_route=\/wp\/v2\/types\/page"}],"author":[{"embeddable":true,"href":"https:\/\/www.cirten.it\/index.php?rest_route=\/wp\/v2\/users\/3"}],"replies":[{"embeddable":true,"href":"https:\/\/www.cirten.it\/index.php?rest_route=%2Fwp%2Fv2%2Fcomments&post=734"}],"version-history":[{"count":3,"href":"https:\/\/www.cirten.it\/index.php?rest_route=\/wp\/v2\/pages\/734\/revisions"}],"predecessor-version":[{"id":753,"href":"https:\/\/www.cirten.it\/index.php?rest_route=\/wp\/v2\/pages\/734\/revisions\/753"}],"up":[{"embeddable":true,"href":"https:\/\/www.cirten.it\/index.php?rest_route=\/wp\/v2\/pages\/477"}],"wp:attachment":[{"href":"https:\/\/www.cirten.it\/index.php?rest_route=%2Fwp%2Fv2%2Fmedia&parent=734"}],"curies":[{"name":"wp","href":"https:\/\/api.w.org\/{rel}","templated":true}]}}