{"id":496,"date":"2023-01-12T10:06:00","date_gmt":"2023-01-12T10:06:00","guid":{"rendered":"http:\/\/www.cirten.it\/?page_id=496"},"modified":"2023-01-16T10:03:33","modified_gmt":"2023-01-16T10:03:33","slug":"accesso-civico","status":"publish","type":"page","link":"https:\/\/www.cirten.it\/?page_id=496","title":{"rendered":"Accesso civico"},"content":{"rendered":"\n<p>1. Accesso civico semplice<\/p>\n\n\n\n<p>Diritto di accesso previsto dall&#8217;art. 5 del D.lgs. n. 33\/2013.<br>L&#8217;art. 5, comma 1 del D.lgs. n. 33\/2013 prevede il diritto di chiunque di richiedere documenti, informazioni o dati la cui pubblicazione sia stata omessa.<br>La richiesta di accesso civico semplice riguarda l\u2019accesso a dati, documenti o informazioni soggetti ad obbligo di pubblicazione. La relativa richiesta non \u00e8 sottoposta a particolari limitazioni sotto il profilo della legittimazione del richiedente, n\u00e9 deve essere motivata.<\/p>\n\n\n\n<p>La richiesta di accesso civico semplice pu\u00f2 essere presentata via mail con destinatario Dr. Andrea Papoff, Responsabile della Trasparenza e della Prevenzione della Corruzione del Consorzio Interuniversitario Nazionale Per La Ricerca Tecnologica Nucleare (CIRTEN) ai seguenti recapiti:<\/p>\n\n\n\n<ul class=\"wp-block-list\">\n<li>tramite email ordinaria all&#8217;indirizzo: anticorruzione@cirten.it <\/li>\n\n\n\n<li>tramite raccomandata a\/r all\u2019indirizzo: CIRTEN c\/o Dipartimento di Energia \u2013 Via Lambruschini n. 4 CAP 20156 MILANO<\/li>\n\n\n\n<li>di persona presso: Dipartimento di Energia \u2013 Via Lambruschini n. 4 CAP 20156 MILANO; dal luned\u00ec al venerd\u00ec dalle 9.00 alle 12.30 o dalle 14:30 alle 17:00 mediante compilazione del modulo \u201c<em>modulo richiesta accesso civico<\/em>\u201d.<\/li>\n<\/ul>\n\n\n\n<p>Il modulo deve essere compilato con l\u2019indicazione precisa dei dati non pubblicati ai sensi della normativa in materia di trasparenza a cui si richiede l\u2019accesso. Inoltre, \u00e8 necessario che sia sottoscritto con firma autografa, scannerizzato (ove non inviato per posta ordinaria) allegandovi copia del documento di identit\u00e0.<\/p>\n\n\n\n<p>Nel caso di ritardi, omissioni o assenza di risposte, il richiedente pu\u00f2 ricorrere al soggetto titolare del potere sostitutivo nella figura del Presidente del Consiglio Direttivo, Prof. Marco Ricotti, utilizzando i medesimi recapiti.<\/p>\n\n\n\n<p>Il CIRTEN, in ogni caso, entro trenta giorni dalla richiesta \u2013 ove ne sussista il presupposto giuridico \u2013 pubblica sul sito web istituzionale il documento, l\u2019informazione o il dato richiesto e lo trasmette contestualmente al richiedente, ovvero comunica a quest\u2019ultimo l\u2019avvenuta pubblicazione, indicando il collegamento ipertestuale a quanto richiesto.<\/p>\n\n\n\n<p>Se il documento, l\u2019informazione o il dato richiesti risultano gi\u00e0 pubblicati, nel rispetto della normativa vigente, il RPCT indica al richiedente il relativo collegamento ipertestuale.<br><\/p>\n\n\n\n<hr class=\"wp-block-separator has-alpha-channel-opacity\"\/>\n\n\n\n<p>2.Accesso civico generalizzato<\/p>\n\n\n\n<p>Diritto di accesso previsto dall&#8217;art. 5 del D.lgs. n. 33\/2013.<br>L&#8217;art. 5, comma 2 del D.lgs. n. 33\/2013 prevede il diritto di chiunque di richiedere documenti, informazioni o dati ulteriori.<br>Il diritto \u00e8 stato introdotto dal Dlgs. n. 97\/2016 come modifica del Dlgs .n. 33\/2013.<br>Le richieste di accesso civico generalizzato riguardano l\u2019accesso a dati, documenti o informazioni ulteriori rispetto a quelli gi\u00e0 pubblicati, laddove ne sussista il presupposto giuridico.<\/p>\n\n\n\n<p>L\u2019accesso generalizzato pu\u00f2 essere rifiutato se il diniego \u00e8 necessario per evitare un pregiudizio concreto alla tutela di uno degli interessi pubblici inerenti a:<br>a) la sicurezza pubblica e l\u2019ordine pubblico;<br>b) la sicurezza nazionale;<br>c) la difesa e le questioni militari;<br>d) le relazioni internazionali;<br>e) la politica e la stabilit\u00e0 finanziaria ed economica dello Stato;<br>f) la conduzione di indagini sui reati e il loro perseguimento;<br>g) il regolare svolgimento di attivit\u00e0 ispettive.<br>L\u2019accesso \u00e8 altres\u00ec rifiutato se il diniego \u00e8 necessario per evitare un pregiudizio concreto alla tutela di uno dei seguenti interessi privati:<br>a) la protezione dei dati personali, in conformit\u00e0 con la disciplina legislativa in materia;<br>b) la libert\u00e0 e la segretezza della corrispondenza;<br>c) gli interessi economici e commerciali di una persona fisica o giuridica, ivi compresi la propriet\u00e0 intellettuale, il diritto d\u2019autore e i segreti commerciali.<br>L\u2019accesso \u00e8 escluso anche nei casi di segreto di Stato e negli altri casi di divieti di accesso o divulgazione previsti dalla legge.<br>La normativa prevede comunque che, se i suddetti limiti riguardano soltanto alcuni dati o alcune parti del documento richiesto, deve essere consentito l\u2019accesso agli altri dati o alle altre parti.<\/p>\n\n\n\n<p>Per presentare una richiesta di accesso civico generalizzato \u00e8 necessario scaricare e compilare il modulo allegato.<br>La richiesta di accesso civico generalizzato pu\u00f2 essere presentata via mail con destinatario Dr. Andrea Papoff, Responsabile della Trasparenza e della Prevenzione della Corruzione del Consorzio Interuniversitario Nazionale Per La Ricerca Tecnologica Nucleare (CIRTEN) ai seguenti recapiti:<\/p>\n\n\n\n<hr class=\"wp-block-separator has-alpha-channel-opacity\"\/>\n\n\n\n<p>3.Responsabile della trasparenza<\/p>\n\n\n\n<p>Dr. Andrea Papoff (RPCT)<br>contatti: anticorruzione@cirten.it <\/p>\n\n\n\n<hr class=\"wp-block-separator has-alpha-channel-opacity\"\/>\n\n\n\n<div style=\"height:100px\" aria-hidden=\"true\" class=\"wp-block-spacer\"><\/div>\n\n\n\n<p class=\"has-text-align-center has-small-font-size\"><em>Ultimo aggiornamento: 16\/01\/2023<\/em><\/p>\n","protected":false},"excerpt":{"rendered":"<p>1. Accesso civico semplice Diritto di accesso previsto dall&#8217;art. 5 del D.lgs. n. 33\/2013.L&#8217;art. 5, comma 1 del D.lgs. n. 33\/2013 prevede il diritto di chiunque di richiedere documenti, informazioni o dati la cui pubblicazione sia stata omessa.La richiesta di accesso civico semplice riguarda l\u2019accesso a dati, documenti o informazioni soggetti ad obbligo di pubblicazione. &hellip; <\/p>\n<p class=\"link-more\"><a href=\"https:\/\/www.cirten.it\/?page_id=496\" class=\"more-link\">Continue reading<span class=\"screen-reader-text\"> &#8220;Accesso civico&#8221;<\/span><\/a><\/p>\n","protected":false},"author":2,"featured_media":0,"parent":477,"menu_order":0,"comment_status":"closed","ping_status":"closed","template":"","meta":{"footnotes":""},"class_list":["post-496","page","type-page","status-publish","hentry"],"_links":{"self":[{"href":"https:\/\/www.cirten.it\/index.php?rest_route=\/wp\/v2\/pages\/496","targetHints":{"allow":["GET"]}}],"collection":[{"href":"https:\/\/www.cirten.it\/index.php?rest_route=\/wp\/v2\/pages"}],"about":[{"href":"https:\/\/www.cirten.it\/index.php?rest_route=\/wp\/v2\/types\/page"}],"author":[{"embeddable":true,"href":"https:\/\/www.cirten.it\/index.php?rest_route=\/wp\/v2\/users\/2"}],"replies":[{"embeddable":true,"href":"https:\/\/www.cirten.it\/index.php?rest_route=%2Fwp%2Fv2%2Fcomments&post=496"}],"version-history":[{"count":9,"href":"https:\/\/www.cirten.it\/index.php?rest_route=\/wp\/v2\/pages\/496\/revisions"}],"predecessor-version":[{"id":565,"href":"https:\/\/www.cirten.it\/index.php?rest_route=\/wp\/v2\/pages\/496\/revisions\/565"}],"up":[{"embeddable":true,"href":"https:\/\/www.cirten.it\/index.php?rest_route=\/wp\/v2\/pages\/477"}],"wp:attachment":[{"href":"https:\/\/www.cirten.it\/index.php?rest_route=%2Fwp%2Fv2%2Fmedia&parent=496"}],"curies":[{"name":"wp","href":"https:\/\/api.w.org\/{rel}","templated":true}]}}